{"id":2338,"date":"2023-10-17T19:34:30","date_gmt":"2023-10-17T17:34:30","guid":{"rendered":"https:\/\/christianfevrier.com\/?page_id=2338"},"modified":"2024-01-30T20:44:21","modified_gmt":"2024-01-30T19:44:21","slug":"mentions-legales","status":"publish","type":"page","link":"https:\/\/christianfevrier.com\/index.php\/mentions-legales\/","title":{"rendered":"Mentions l\u00e9gales"},"content":{"rendered":"\t\t<div data-elementor-type=\"wp-page\" data-elementor-id=\"2338\" class=\"elementor elementor-2338\">\n\t\t\t\t\t\t<section class=\"elementor-section elementor-top-section elementor-element elementor-element-3366f89b elementor-section-boxed elementor-section-height-default elementor-section-height-default\" data-id=\"3366f89b\" data-element_type=\"section\" data-e-type=\"section\" data-settings=\"{&quot;background_background&quot;:&quot;classic&quot;}\">\n\t\t\t\t\t\t\t<div class=\"elementor-background-overlay\"><\/div>\n\t\t\t\t\t\t\t<div class=\"elementor-container elementor-column-gap-default\">\n\t\t\t\t\t<div class=\"elementor-column elementor-col-100 elementor-top-column elementor-element elementor-element-4ef926ee\" data-id=\"4ef926ee\" data-element_type=\"column\" data-e-type=\"column\">\n\t\t\t<div class=\"elementor-widget-wrap elementor-element-populated\">\n\t\t\t\t\t\t<div class=\"elementor-element elementor-element-537f7907 elementor-widget__width-initial elementor-widget elementor-widget-heading\" data-id=\"537f7907\" data-element_type=\"widget\" data-e-type=\"widget\" data-widget_type=\"heading.default\">\n\t\t\t\t<div class=\"elementor-widget-container\">\n\t\t\t\t\t<h1 class=\"elementor-heading-title elementor-size-default\">MENTIONS LEGALES<\/h1>\t\t\t\t<\/div>\n\t\t\t\t<\/div>\n\t\t\t\t<div class=\"elementor-element elementor-element-390e7004 elementor-widget elementor-widget-spacer\" data-id=\"390e7004\" data-element_type=\"widget\" data-e-type=\"widget\" data-widget_type=\"spacer.default\">\n\t\t\t\t<div class=\"elementor-widget-container\">\n\t\t\t\t\t\t\t<div class=\"elementor-spacer\">\n\t\t\t<div class=\"elementor-spacer-inner\"><\/div>\n\t\t<\/div>\n\t\t\t\t\t\t<\/div>\n\t\t\t\t<\/div>\n\t\t\t\t\t<\/div>\n\t\t<\/div>\n\t\t\t\t\t<\/div>\n\t\t<\/section>\n\t\t\t\t<section class=\"elementor-section elementor-top-section elementor-element elementor-element-18430686 elementor-section-boxed elementor-section-height-default elementor-section-height-default\" data-id=\"18430686\" data-element_type=\"section\" data-e-type=\"section\">\n\t\t\t\t\t\t<div class=\"elementor-container elementor-column-gap-default\">\n\t\t\t\t\t<div class=\"elementor-column elementor-col-100 elementor-top-column elementor-element elementor-element-75945223\" data-id=\"75945223\" data-element_type=\"column\" data-e-type=\"column\">\n\t\t\t<div class=\"elementor-widget-wrap elementor-element-populated\">\n\t\t\t\t\t\t<div class=\"elementor-element elementor-element-f09b652 elementor-hidden-mobile elementor-widget elementor-widget-spacer\" data-id=\"f09b652\" data-element_type=\"widget\" data-e-type=\"widget\" data-widget_type=\"spacer.default\">\n\t\t\t\t<div class=\"elementor-widget-container\">\n\t\t\t\t\t\t\t<div class=\"elementor-spacer\">\n\t\t\t<div class=\"elementor-spacer-inner\"><\/div>\n\t\t<\/div>\n\t\t\t\t\t\t<\/div>\n\t\t\t\t<\/div>\n\t\t\t\t\t<\/div>\n\t\t<\/div>\n\t\t\t\t\t<\/div>\n\t\t<\/section>\n\t\t\t\t<section class=\"elementor-section elementor-top-section elementor-element elementor-element-94416ae elementor-section-boxed elementor-section-height-default elementor-section-height-default\" data-id=\"94416ae\" data-element_type=\"section\" data-e-type=\"section\">\n\t\t\t\t\t\t<div class=\"elementor-container elementor-column-gap-default\">\n\t\t\t\t\t<div class=\"elementor-column elementor-col-100 elementor-top-column elementor-element elementor-element-1a25b9a\" data-id=\"1a25b9a\" data-element_type=\"column\" data-e-type=\"column\">\n\t\t\t<div class=\"elementor-widget-wrap\">\n\t\t\t\t\t\t\t<\/div>\n\t\t<\/div>\n\t\t\t\t\t<\/div>\n\t\t<\/section>\n\t\t\t\t<section class=\"elementor-section elementor-top-section elementor-element elementor-element-10713528 elementor-section-boxed elementor-section-height-default elementor-section-height-default\" data-id=\"10713528\" data-element_type=\"section\" data-e-type=\"section\">\n\t\t\t\t\t\t<div class=\"elementor-container elementor-column-gap-default\">\n\t\t\t\t\t<div class=\"elementor-column elementor-col-100 elementor-top-column elementor-element elementor-element-5fc57bf5\" data-id=\"5fc57bf5\" data-element_type=\"column\" data-e-type=\"column\">\n\t\t\t<div class=\"elementor-widget-wrap elementor-element-populated\">\n\t\t\t\t\t\t<div class=\"elementor-element elementor-element-6c591ac6 elementor-widget elementor-widget-text-editor\" data-id=\"6c591ac6\" data-element_type=\"widget\" data-e-type=\"widget\" data-widget_type=\"text-editor.default\">\n\t\t\t\t<div class=\"elementor-widget-container\">\n\t\t\t\t\t\t\t\t\t<p>N<b>om de la soci\u00e9t\u00e9<\/b> : Christian F\u00e9vrier<\/p><p><strong>Num\u00e9ro de Siret<\/strong> : 500 812 409 00026<\/p><p><strong>Nom du responsable<\/strong> : Christian F\u00e9vrier<\/p><p><strong>Adresse de la soci\u00e9t\u00e9<\/strong> : identique au si\u00e8ge social<\/p><p><strong>Adresse du si\u00e8ge social de la soci\u00e9t\u00e9<\/strong> : 16 rue Denfert Rochereau 33220 Sainte-Foy-la-Grande<\/p><p><strong>\u00c9diteur de la publication<\/strong> : Christian F\u00e9vrier<\/p><p><strong>Directeur de la publication<\/strong> : Christian F\u00e9vrier<\/p><p><strong>Responsable de la r\u00e9daction<\/strong> : Christian F\u00e9vrier<\/p><p><b>H\u00e9bergeur<\/b> : Hostinger International Ltd, 61 Lordou Vironos str. 6023 Larnaca, Chypre<\/p><p><b>Webmaster<\/b> : Christian F\u00e9vrier<\/p><p><strong>Cr\u00e9dit Photos<\/strong> : Auteurs sur Freepik.com : fxquadro \/ wirestock \/ rawpixel.com \/ eberhardgross \/ vecstock \/ pch.vector \/ freepick<\/p>\t\t\t\t\t\t\t\t<\/div>\n\t\t\t\t<\/div>\n\t\t\t\t\t<\/div>\n\t\t<\/div>\n\t\t\t\t\t<\/div>\n\t\t<\/section>\n\t\t\t\t<section class=\"elementor-section elementor-top-section elementor-element elementor-element-3f5862c7 elementor-section-boxed elementor-section-height-default elementor-section-height-default\" data-id=\"3f5862c7\" data-element_type=\"section\" data-e-type=\"section\">\n\t\t\t\t\t\t<div class=\"elementor-container elementor-column-gap-default\">\n\t\t\t\t\t<div class=\"elementor-column elementor-col-100 elementor-top-column elementor-element elementor-element-711d1ac9\" data-id=\"711d1ac9\" data-element_type=\"column\" data-e-type=\"column\">\n\t\t\t<div class=\"elementor-widget-wrap elementor-element-populated\">\n\t\t\t\t\t\t<div class=\"elementor-element elementor-element-6556a131 elementor-hidden-mobile elementor-widget elementor-widget-spacer\" data-id=\"6556a131\" data-element_type=\"widget\" data-e-type=\"widget\" data-widget_type=\"spacer.default\">\n\t\t\t\t<div class=\"elementor-widget-container\">\n\t\t\t\t\t\t\t<div class=\"elementor-spacer\">\n\t\t\t<div class=\"elementor-spacer-inner\"><\/div>\n\t\t<\/div>\n\t\t\t\t\t\t<\/div>\n\t\t\t\t<\/div>\n\t\t\t\t\t<\/div>\n\t\t<\/div>\n\t\t\t\t\t<\/div>\n\t\t<\/section>\n\t\t\t\t<\/div>\n\t\t","protected":false},"excerpt":{"rendered":"<p>MENTIONS LEGALES Nom de la soci\u00e9t\u00e9 : Christian F\u00e9vrier Num\u00e9ro de Siret : 500 812 409 00026 Nom du responsable : Christian F\u00e9vrier Adresse de la soci\u00e9t\u00e9 : identique au si\u00e8ge social Adresse du si\u00e8ge social de la soci\u00e9t\u00e9 : 16 rue Denfert Rochereau 33220 Sainte-Foy-la-Grande \u00c9diteur de la publication : Christian F\u00e9vrier Directeur de [&hellip;]<\/p>\n","protected":false},"author":1,"featured_media":0,"parent":0,"menu_order":0,"comment_status":"closed","ping_status":"closed","template":"","meta":{"site-sidebar-layout":"no-sidebar","site-content-layout":"page-builder","ast-site-content-layout":"full-width-container","site-content-style":"default","site-sidebar-style":"default","ast-global-header-display":"","ast-banner-title-visibility":"","ast-main-header-display":"","ast-hfb-above-header-display":"","ast-hfb-below-header-display":"","ast-hfb-mobile-header-display":"","site-post-title":"disabled","ast-breadcrumbs-content":"","ast-featured-img":"disabled","footer-sml-layout":"","ast-disable-related-posts":"","theme-transparent-header-meta":"","adv-header-id-meta":"","stick-header-meta":"","header-above-stick-meta":"","header-main-stick-meta":"","header-below-stick-meta":"","astra-migrate-meta-layouts":"set","ast-page-background-enabled":"default","ast-page-background-meta":{"desktop":{"background-color":"","background-image":"","background-repeat":"repeat","background-position":"center center","background-size":"auto","background-attachment":"scroll","background-type":"","background-media":"","overlay-type":"","overlay-color":"","overlay-opacity":"","overlay-gradient":""},"tablet":{"background-color":"","background-image":"","background-repeat":"repeat","background-position":"center center","background-size":"auto","background-attachment":"scroll","background-type":"","background-media":"","overlay-type":"","overlay-color":"","overlay-opacity":"","overlay-gradient":""},"mobile":{"background-color":"","background-image":"","background-repeat":"repeat","background-position":"center center","background-size":"auto","background-attachment":"scroll","background-type":"","background-media":"","overlay-type":"","overlay-color":"","overlay-opacity":"","overlay-gradient":""}},"ast-content-background-meta":{"desktop":{"background-color":"var(--ast-global-color-5)","background-image":"","background-repeat":"repeat","background-position":"center center","background-size":"auto","background-attachment":"scroll","background-type":"","background-media":"","overlay-type":"","overlay-color":"","overlay-opacity":"","overlay-gradient":""},"tablet":{"background-color":"var(--ast-global-color-5)","background-image":"","background-repeat":"repeat","background-position":"center center","background-size":"auto","background-attachment":"scroll","background-type":"","background-media":"","overlay-type":"","overlay-color":"","overlay-opacity":"","overlay-gradient":""},"mobile":{"background-color":"var(--ast-global-color-5)","background-image":"","background-repeat":"repeat","background-position":"center center","background-size":"auto","background-attachment":"scroll","background-type":"","background-media":"","overlay-type":"","overlay-color":"","overlay-opacity":"","overlay-gradient":""}},"footnotes":""},"class_list":["post-2338","page","type-page","status-publish","hentry"],"yoast_head":"<!-- This site is optimized with the Yoast SEO plugin v27.2 - https:\/\/yoast.com\/product\/yoast-seo-wordpress\/ -->\n<title>Mentions l\u00e9gales - christianfevrier.com<\/title>\n<meta name=\"description\" content=\"Mentions l\u00e9gales\" \/>\n<meta name=\"robots\" content=\"index, follow, max-snippet:-1, max-image-preview:large, max-video-preview:-1\" \/>\n<link rel=\"canonical\" href=\"https:\/\/christianfevrier.com\/index.php\/mentions-legales\/\" \/>\n<meta property=\"og:locale\" content=\"fr_FR\" \/>\n<meta property=\"og:type\" content=\"article\" \/>\n<meta property=\"og:title\" content=\"Mentions l\u00e9gales - christianfevrier.com\" \/>\n<meta property=\"og:description\" content=\"Mentions l\u00e9gales\" \/>\n<meta property=\"og:url\" content=\"https:\/\/christianfevrier.com\/index.php\/mentions-legales\/\" \/>\n<meta property=\"og:site_name\" content=\"christianfevrier.com\" \/>\n<meta property=\"article:modified_time\" content=\"2024-01-30T19:44:21+00:00\" \/>\n<meta property=\"og:image\" content=\"https:\/\/christianfevrier.com\/wp-content\/uploads\/2024\/01\/Page-accueil-site-CFE-1024x595.png\" \/>\n\t<meta property=\"og:image:width\" content=\"1024\" \/>\n\t<meta property=\"og:image:height\" content=\"595\" \/>\n\t<meta property=\"og:image:type\" content=\"image\/png\" \/>\n<meta name=\"twitter:card\" content=\"summary_large_image\" \/>\n<meta name=\"twitter:label1\" content=\"Dur\u00e9e de lecture estim\u00e9e\" \/>\n\t<meta name=\"twitter:data1\" content=\"1 minute\" \/>\n<script type=\"application\/ld+json\" class=\"yoast-schema-graph\">{\"@context\":\"https:\/\/schema.org\",\"@graph\":[{\"@type\":[\"WebPage\",\"ItemPage\"],\"@id\":\"https:\/\/christianfevrier.com\/index.php\/mentions-legales\/\",\"url\":\"https:\/\/christianfevrier.com\/index.php\/mentions-legales\/\",\"name\":\"Mentions l\u00e9gales - christianfevrier.com\",\"isPartOf\":{\"@id\":\"https:\/\/christianfevrier.com\/#website\"},\"datePublished\":\"2023-10-17T17:34:30+00:00\",\"dateModified\":\"2024-01-30T19:44:21+00:00\",\"description\":\"Mentions l\u00e9gales\",\"breadcrumb\":{\"@id\":\"https:\/\/christianfevrier.com\/index.php\/mentions-legales\/#breadcrumb\"},\"inLanguage\":\"fr-FR\",\"potentialAction\":[{\"@type\":\"ReadAction\",\"target\":[\"https:\/\/christianfevrier.com\/index.php\/mentions-legales\/\"]}]},{\"@type\":\"BreadcrumbList\",\"@id\":\"https:\/\/christianfevrier.com\/index.php\/mentions-legales\/#breadcrumb\",\"itemListElement\":[{\"@type\":\"ListItem\",\"position\":1,\"name\":\"Accueil\",\"item\":\"https:\/\/christianfevrier.com\/\"},{\"@type\":\"ListItem\",\"position\":2,\"name\":\"Mentions l\u00e9gales\"}]},{\"@type\":\"WebSite\",\"@id\":\"https:\/\/christianfevrier.com\/#website\",\"url\":\"https:\/\/christianfevrier.com\/\",\"name\":\"christianfevrier.com\",\"description\":\"Lib\u00e9rez-vous\",\"publisher\":{\"@id\":\"https:\/\/christianfevrier.com\/#\/schema\/person\/8af3b2acdc8dd3ab02798e40d95722dc\"},\"potentialAction\":[{\"@type\":\"SearchAction\",\"target\":{\"@type\":\"EntryPoint\",\"urlTemplate\":\"https:\/\/christianfevrier.com\/?s={search_term_string}\"},\"query-input\":{\"@type\":\"PropertyValueSpecification\",\"valueRequired\":true,\"valueName\":\"search_term_string\"}}],\"inLanguage\":\"fr-FR\"},{\"@type\":[\"Person\",\"Organization\"],\"@id\":\"https:\/\/christianfevrier.com\/#\/schema\/person\/8af3b2acdc8dd3ab02798e40d95722dc\",\"name\":\"cfevrier@outlook.com\",\"image\":{\"@type\":\"ImageObject\",\"inLanguage\":\"fr-FR\",\"@id\":\"https:\/\/christianfevrier.com\/wp-content\/uploads\/2023\/07\/Original-Logo-1.png\",\"url\":\"https:\/\/christianfevrier.com\/wp-content\/uploads\/2023\/07\/Original-Logo-1.png\",\"contentUrl\":\"https:\/\/christianfevrier.com\/wp-content\/uploads\/2023\/07\/Original-Logo-1.png\",\"width\":2313,\"height\":1067,\"caption\":\"cfevrier@outlook.com\"},\"logo\":{\"@id\":\"https:\/\/christianfevrier.com\/wp-content\/uploads\/2023\/07\/Original-Logo-1.png\"},\"sameAs\":[\"https:\/\/christianfevrier.com\",\"https:\/\/www.linkedin.com\/in\/christianfevrier\/\"]}]}<\/script>\n<!-- \/ Yoast SEO plugin. -->","yoast_head_json":{"title":"Mentions l\u00e9gales - christianfevrier.com","description":"Mentions l\u00e9gales","robots":{"index":"index","follow":"follow","max-snippet":"max-snippet:-1","max-image-preview":"max-image-preview:large","max-video-preview":"max-video-preview:-1"},"canonical":"https:\/\/christianfevrier.com\/index.php\/mentions-legales\/","og_locale":"fr_FR","og_type":"article","og_title":"Mentions l\u00e9gales - christianfevrier.com","og_description":"Mentions l\u00e9gales","og_url":"https:\/\/christianfevrier.com\/index.php\/mentions-legales\/","og_site_name":"christianfevrier.com","article_modified_time":"2024-01-30T19:44:21+00:00","og_image":[{"width":1024,"height":595,"url":"https:\/\/christianfevrier.com\/wp-content\/uploads\/2024\/01\/Page-accueil-site-CFE-1024x595.png","type":"image\/png"}],"twitter_card":"summary_large_image","twitter_misc":{"Dur\u00e9e de lecture estim\u00e9e":"1 minute"},"schema":{"@context":"https:\/\/schema.org","@graph":[{"@type":["WebPage","ItemPage"],"@id":"https:\/\/christianfevrier.com\/index.php\/mentions-legales\/","url":"https:\/\/christianfevrier.com\/index.php\/mentions-legales\/","name":"Mentions l\u00e9gales - christianfevrier.com","isPartOf":{"@id":"https:\/\/christianfevrier.com\/#website"},"datePublished":"2023-10-17T17:34:30+00:00","dateModified":"2024-01-30T19:44:21+00:00","description":"Mentions l\u00e9gales","breadcrumb":{"@id":"https:\/\/christianfevrier.com\/index.php\/mentions-legales\/#breadcrumb"},"inLanguage":"fr-FR","potentialAction":[{"@type":"ReadAction","target":["https:\/\/christianfevrier.com\/index.php\/mentions-legales\/"]}]},{"@type":"BreadcrumbList","@id":"https:\/\/christianfevrier.com\/index.php\/mentions-legales\/#breadcrumb","itemListElement":[{"@type":"ListItem","position":1,"name":"Accueil","item":"https:\/\/christianfevrier.com\/"},{"@type":"ListItem","position":2,"name":"Mentions l\u00e9gales"}]},{"@type":"WebSite","@id":"https:\/\/christianfevrier.com\/#website","url":"https:\/\/christianfevrier.com\/","name":"christianfevrier.com","description":"Lib\u00e9rez-vous","publisher":{"@id":"https:\/\/christianfevrier.com\/#\/schema\/person\/8af3b2acdc8dd3ab02798e40d95722dc"},"potentialAction":[{"@type":"SearchAction","target":{"@type":"EntryPoint","urlTemplate":"https:\/\/christianfevrier.com\/?s={search_term_string}"},"query-input":{"@type":"PropertyValueSpecification","valueRequired":true,"valueName":"search_term_string"}}],"inLanguage":"fr-FR"},{"@type":["Person","Organization"],"@id":"https:\/\/christianfevrier.com\/#\/schema\/person\/8af3b2acdc8dd3ab02798e40d95722dc","name":"cfevrier@outlook.com","image":{"@type":"ImageObject","inLanguage":"fr-FR","@id":"https:\/\/christianfevrier.com\/wp-content\/uploads\/2023\/07\/Original-Logo-1.png","url":"https:\/\/christianfevrier.com\/wp-content\/uploads\/2023\/07\/Original-Logo-1.png","contentUrl":"https:\/\/christianfevrier.com\/wp-content\/uploads\/2023\/07\/Original-Logo-1.png","width":2313,"height":1067,"caption":"cfevrier@outlook.com"},"logo":{"@id":"https:\/\/christianfevrier.com\/wp-content\/uploads\/2023\/07\/Original-Logo-1.png"},"sameAs":["https:\/\/christianfevrier.com","https:\/\/www.linkedin.com\/in\/christianfevrier\/"]}]}},"jetpack_sharing_enabled":true,"_links":{"self":[{"href":"https:\/\/christianfevrier.com\/index.php\/wp-json\/wp\/v2\/pages\/2338","targetHints":{"allow":["GET"]}}],"collection":[{"href":"https:\/\/christianfevrier.com\/index.php\/wp-json\/wp\/v2\/pages"}],"about":[{"href":"https:\/\/christianfevrier.com\/index.php\/wp-json\/wp\/v2\/types\/page"}],"author":[{"embeddable":true,"href":"https:\/\/christianfevrier.com\/index.php\/wp-json\/wp\/v2\/users\/1"}],"replies":[{"embeddable":true,"href":"https:\/\/christianfevrier.com\/index.php\/wp-json\/wp\/v2\/comments?post=2338"}],"version-history":[{"count":86,"href":"https:\/\/christianfevrier.com\/index.php\/wp-json\/wp\/v2\/pages\/2338\/revisions"}],"predecessor-version":[{"id":4244,"href":"https:\/\/christianfevrier.com\/index.php\/wp-json\/wp\/v2\/pages\/2338\/revisions\/4244"}],"wp:attachment":[{"href":"https:\/\/christianfevrier.com\/index.php\/wp-json\/wp\/v2\/media?parent=2338"}],"curies":[{"name":"wp","href":"https:\/\/api.w.org\/{rel}","templated":true}]}}